{"id":98,"date":"2016-01-14T23:46:59","date_gmt":"2016-01-14T21:46:59","guid":{"rendered":"http:\/\/schweizersprachschule.ch\/?page_id=98"},"modified":"2016-06-20T11:35:39","modified_gmt":"2016-06-20T09:35:39","slug":"dolmetschen","status":"publish","type":"page","link":"https:\/\/schweizersprachschule.ch\/?page_id=98","title":{"rendered":"Dolmetschen"},"content":{"rendered":"<p>Als Online-Sprachschule arbeiten wir mit verschiedenen <strong><span style=\"text-decoration: underline;\">Dolmetschern vor Ort<\/span><\/strong> zuammen und vermitteln Ihnen die entsprechende Fachperson, deren F\u00e4higkeiten auf ihre Bed\u00fcrfnisse zugeschnitten sind.<\/p>\n<p>Doch auch <strong><span style=\"text-decoration: underline;\">online im Konferenzgespr\u00e4ch<\/span><\/strong> f\u00fchren wir Dolmetscherfauftr\u00e4ge aus: Dank unserer modernen digitalen Infrastruktur k\u00f6nnen wir einwandfrei \u00fcber Skype den Kontakt zu einer Drittperson herstellen und die Kommunikation zwischen ihnen mit Hilfe unseres Dolmetschers erm\u00f6glichen.<\/p>\n<p>Hier einige <span style=\"text-decoration: underline;\"><strong>Referenzen<\/strong><\/span>:<\/p>\n<ul>\n<li>Dolmetscherauftr\u00e4ge im Bundeshaus w\u00e4hrend politischer Konferenzen<\/li>\n<li>Dolmetscherauftr\u00e4ge f\u00fcr parlamentarische Delegationen aus dem Ausland (im Auftrag der Botschaft von Ungarn in Bern)<\/li>\n<li>Dolmetschen im Rahmen von Kulturanl\u00e4ssen: \u201eFestival du film francophone de Belgique\u201d und \u201eRencontre avec Gr\u00e9goire Polet\u201d (belgischer Schriftsteller), beides organisiert von der Wallonie Bruxelles International WBI<\/li>\n<li>\u00dcbersetzungen Deutsch \/ Franz\u00f6sisch \/ Ungarisch im Rahmen von Musikprojekten in Bern, Lausanne, Nizza, Genf, Z\u00fcrich usw.<\/li>\n<li>andere \u00dcbersetzungst\u00e4tigkeiten im In- und Ausland (Frankreich, Deutschland, Ungarn)<\/li>\n<\/ul>\n","protected":false},"excerpt":{"rendered":"<p>Als Online-Sprachschule arbeiten wir mit verschiedenen Dolmetschern vor Ort zuammen und vermitteln Ihnen die entsprechende Fachperson, deren F\u00e4higkeiten auf ihre Bed\u00fcrfnisse zugeschnitten sind. Doch auch online im Konferenzgespr\u00e4ch f\u00fchren wir Dolmetscherfauftr\u00e4ge aus: Dank unserer modernen digitalen Infrastruktur k\u00f6nnen wir einwandfrei \u00fcber Skype den Kontakt zu einer Drittperson herstellen und die Kommunikation zwischen ihnen mit Hilfe unseres Dolmetschers erm\u00f6glichen. Hier einige Referenzen: Dolmetscherauftr\u00e4ge im Bundeshaus w\u00e4hrend politischer Konferenzen Dolmetscherauftr\u00e4ge f\u00fcr parlamentarische Delegationen aus dem Ausland (im Auftrag der Botschaft von Ungarn in Bern) Dolmetschen im Rahmen von Kulturanl\u00e4ssen: \u201eFestival du film francophone de Belgique\u201d und \u201eRencontre avec Gr\u00e9goire Polet\u201d (belgischer Schriftsteller), beides organisiert von der Wallonie Bruxelles International WBI \u00dcbersetzungen Deutsch [&hellip;]<\/p>\n","protected":false},"author":2,"featured_media":0,"parent":0,"menu_order":0,"comment_status":"closed","ping_status":"closed","template":"","meta":{"_exactmetrics_skip_tracking":false,"_exactmetrics_sitenote_active":false,"_exactmetrics_sitenote_note":"","_exactmetrics_sitenote_category":0,"ngg_post_thumbnail":0,"footnotes":""},"class_list":["post-98","page","type-page","status-publish","hentry"],"aioseo_notices":[],"_links":{"self":[{"href":"https:\/\/schweizersprachschule.ch\/index.php?rest_route=\/wp\/v2\/pages\/98","targetHints":{"allow":["GET"]}}],"collection":[{"href":"https:\/\/schweizersprachschule.ch\/index.php?rest_route=\/wp\/v2\/pages"}],"about":[{"href":"https:\/\/schweizersprachschule.ch\/index.php?rest_route=\/wp\/v2\/types\/page"}],"author":[{"embeddable":true,"href":"https:\/\/schweizersprachschule.ch\/index.php?rest_route=\/wp\/v2\/users\/2"}],"replies":[{"embeddable":true,"href":"https:\/\/schweizersprachschule.ch\/index.php?rest_route=%2Fwp%2Fv2%2Fcomments&post=98"}],"version-history":[{"count":6,"href":"https:\/\/schweizersprachschule.ch\/index.php?rest_route=\/wp\/v2\/pages\/98\/revisions"}],"predecessor-version":[{"id":273,"href":"https:\/\/schweizersprachschule.ch\/index.php?rest_route=\/wp\/v2\/pages\/98\/revisions\/273"}],"wp:attachment":[{"href":"https:\/\/schweizersprachschule.ch\/index.php?rest_route=%2Fwp%2Fv2%2Fmedia&parent=98"}],"curies":[{"name":"wp","href":"https:\/\/api.w.org\/{rel}","templated":true}]}}