{"id":89,"date":"2016-01-14T23:40:02","date_gmt":"2016-01-14T21:40:02","guid":{"rendered":"http:\/\/schweizersprachschule.ch\/?page_id=89"},"modified":"2020-05-08T11:27:26","modified_gmt":"2020-05-08T09:27:26","slug":"referenzen","status":"publish","type":"page","link":"https:\/\/schweizersprachschule.ch\/?page_id=89","title":{"rendered":"Referenzen"},"content":{"rendered":"<p><em>\u00ab Die Nachhilfestunden bei der Lehrperson der <\/em><span style=\"font-family: helvetica,arial,sans-serif; font-size: 10pt;\"><strong><span style=\"color: #eb4b4b;\">Schweizer Online Sprachschule<\/span><\/strong><\/span> <em>brachten mir bemerkenswerte Fortschritte in Franz\u00f6sisch. Mein Ziel war es, vor allem meine m\u00fcndlichen Franz\u00f6sischkenntnisse zu verbessern. Daher hat die Lehrerin jeweils einen franz\u00f6sischen Text oder ein Video zu einem gesellschaftlichen Thema ausgew\u00e4hlt, welches dann als Vorlage gebraucht&nbsp; wurde um uns dar\u00fcber zu unterhalten. Diese Methode erwies sich bei mir als sehr hilfreich.<br \/>\nEin weiterer Vorteil war f\u00fcr mich, dass wir die Nachhilfestunden \u00fcber Skype durchf\u00fchren konnten. Dies funktionierte eigentlich immer reibungslos und gew\u00e4hrte uns beiden eine grosse Flexibilit\u00e4t.\u00bb<\/em><\/p>\n<p style=\"text-align: right;\"><em>S.S., 17 Jahre, Gymnasiast, K\u00f6niz b. Bern (Schweiz)<\/em><\/p>\n<p><em>\u00ab Da Deutsch nicht die Sprache ist, die wir zu Hause sprechen, hat meine 14-j\u00e4hrige Tochter M\u00fche, sich im Aufsatz pr\u00e4zis auszudr\u00fccken, und ebenfalls die Grammatik (z.B. die 4 F\u00e4lle etc.) stellt sie da und dort noch vor Herausforderungen. F\u00fcr die Gymi-Pr\u00fcfungsvorbereitung hat sie f\u00fcr eine kurze Zeit bei der Lehrerin der <\/em><span style=\"font-family: helvetica,arial,sans-serif; font-size: 10pt;\"><strong><span style=\"color: #eb4b4b;\">Schweizer Online Sprachschule<\/span><\/strong><\/span><em> Deutsch-Unterricht via Skype genommen. Am Anfang war ich ehrlich gesagt skeptisch \u00fcber diese Form von Unterricht. Es hat sich aber herausgestellt, dass diese Form genau so gut ist wie 1:1 Privatunterricht! Die Lehrerin war sehr kompetent und gab sich M\u00fche, meiner Tochter den gew\u00fcnschten Stoff beizubringen. Meine Tochter hat die Pr\u00fcfung bestanden! Ich kann Frau K. allen nur empfehlen. \u00bb<\/em><\/p>\n<p style=\"text-align: right;\"><em>Eine Mutter aus Bern (Schweiz)<\/em><\/p>\n<div><em>\u00ab Ich bin selber Lehrerin (Deutsch\/Englisch) und habe jemanden gesucht, der mich bei der Arbeit als Mentor in beiden F\u00e4chern unterst\u00fctzt. Ich interessierte mich f\u00fcr neue p\u00e4dgogisch-didaktische Unterrichtsbeispiele und \u2013methoden, die mir zeigen, wie man den Unterricht lebendiger, moderner, damit optimaler gestalten und so mit den Sch\u00fclern noch mehr Fortschritte machen kann.<\/em><\/div>\n<div><em>Auf die Website der&nbsp;<\/em><span style=\"font-family: helvetica,arial,sans-serif; font-size: 10pt;\"><strong><span style=\"color: #eb4b4b;\">Schweizer Online Sprachschule<\/span><\/strong><\/span> <em>bin ich durch Zufall gesto\u00dfen und ich habe die richtige Entscheidung getroffen. Die Lehrerin ist konsequent, zuverl\u00e4ssig, gut vorbereitet, die Stunden sind gut strukturiert. Ich konnte auch eigene W\u00fcnsche \u00e4u\u00dfern, bei Themen nachfragen, wo ich selber noch unsicher war; das halte ich f\u00fcr sehr wichtig. Ich habe Tipps und Methoden \u00fcbermittelt bekommen, die ich in meinem Unterricht bestens verwenden kann. Das Ziel, sich als Lehrperson (noch) mehr zu verbessern, kann mit lebenslangem Studium und mit Hilfe eines guten Mentors erreicht werden. Ich habe die Arbeit der Lehrperson sehr gesch\u00e4tzt.&nbsp; \u00bb<\/em><\/div>\n<div>\n<p style=\"text-align: right;\"><em>L.G.-T., Lehrerin, Hamburg (Deutschland)<\/em><\/p>\n<p><em>\u00ab I am a doctor from the United States who recently moved to Switzerland for my masters studies. I needed to learn German at a very rapid pace. I was very fortunate to find the teacher of the <\/em><span style=\"font-family: arial, helvetica, sans-serif;\"><strong>Schweizer Online Sprachschule<\/strong><\/span><em>, who has helped me to get from A1 level to B2 level in just 2-3 months! I&#8217;ve tried many different teaching styles and Mrs. K&#8217;s style has been the most effective. She is clearly experienced in teaching languages. She will plan a study schedule with you depending on your language needs, and will prepare for lessons ahead of time. She is very organized, always picking up where we left off the last lesson, and making sure that I am progressing with each lesson. The handouts and homework that she provides are also extremely valuable, I still keep some of them in my back pocket. She will teach you high-impact grammar and practice with you until you understand the concepts. She speaks many languages and her English explanations of German are excellent. In addition, the on-line lessons is convenient because one can have a lesson from pretty much anywhere in the world, and she was accommodating with my schedule. If you are looking for an experienced teacher who will teach at your level while assisting you to progress quickly, I would highly recommend Mrs. K., and will definitely be taking further courses with her in the future. \u00bb<\/em><\/p>\n<p style=\"text-align: right;\"><em>C.T., 31 Jahre, \u00c4rztin, Kalifornien (USA) \/ Bern (Schweiz)<\/em><\/p>\n<p><em>\u00ab She is a very professional and friendly teacher. I would highly recommend her. She is very reliable, patient and well prepared with adequate material and very enthusiastic about teaching. She assessed my 11-year-old son&#8217;s needs and tailored the sessions accordingly. It has improved his confidence. I am very happy with her lessons. \u00bb<\/em><\/p>\n<\/div>\n<div style=\"text-align: right;\"><em>Thalwil (Switzerland)<\/em><\/div>\n<p><em>\u00ab Wir brauchten Hilfe f\u00fcr unsere Tochter (15 Jahre), die grosse Schwierigkeiten in Franz\u00f6sisch (vor allem Grammatik und Rechtschreibung) hatte. Die Erkl\u00e4rungen der Lehrperson waren sehr klar, gezielt auf die Probleme eingehend, das Material (Tabellen, \u00dcbungen) gut auf unsere Bed\u00fcrfnisse zugeschnitten. Unserer Tochter wurde erneut Schwung zum Lernen gegeben, denn die Lehrperson ist sehr konsequent und kann junge Leute gut motivieren. Der ungegn\u00fcgende Durchschnitt von Caroline hat sich innerhalb von 6 Wochen auf eine gen\u00fcgende Note verbessert, jetzt will sie sogar noch besser werden. Vielen Dank!\u00bb<\/em><\/p>\n<p style=\"text-align: right;\"><em>C.M., 15 Jahre, Sch\u00fclerin, Kerhsatz b. Bern (Schweiz)<br \/>\n<\/em><\/p>\n<p><em>\u00ab Ich hatte schon immer M\u00fche im Aufsatzschreiben. Zwar ist Deutsch wie eine Muttersprache f\u00fcr mich, in unserer Familie wird oft auch Spanisch gesprochen, so zeigte es sich immer wieder vor allem im Schreiben von Texten, dass ich doch nicht immer den gew\u00fcnschten Ausdruck finde. W\u00e4hrend der Vorbereitung auf meine Maturit\u00e4tspr\u00fcfungen, habe ich mich schliesslich entschieden, Nachhilfe-Unterricht in Deutsch zu suchen. Nachtr\u00e4glich bin ich ausserordentlich froh, dass ich mich an die <\/em><span style=\"font-family: helvetica,arial,sans-serif; font-size: 10pt;\"><strong><span style=\"color: #eb4b4b;\">Schweizer Online Sprachschule<\/span><\/strong><\/span><em> gewendet und Stunden in das \u00dcben der deutschen Sprache (Grammatik, Stil) investiert habe, denn ich habe die Sch\u00f6nheiten des Deutschen (wieder)entdeckt. Auch wurden mir hilfreiche Ratschl\u00e4ge zum klaren Aufbau eines geschriebenen (oder auch gesprochenen) Textes gegebenen, auf die ich, so denke ich, auch w\u00e4hrend meiner bevorstehenden Zeit an der Uni zur\u00fcckgreifen kann. Ich danke der Lehrperson herzlich f\u00fcr ihre Hilfe und kann sie nur weiterempfehlen, denn ihre Stunden waren spanndend und lehrreich! \u00bb<\/em><\/p>\n<p style=\"text-align: right;\"><em>A.S., 19 Jahre, Maturandin, Bern (Schweiz)<\/em><\/p>\n<p><em>\u00ab F\u00fcr meine Arbeit als \u00dcbersetzer und Dolmetscher ist die regelm\u00e4ssige Erweiterung meiner deutschen Sprachkenntnisse, sowohl im m\u00fcndlichen wie im schriftlichen Bereich, unabdingbar. Diesbez\u00fcglich leistet mir die Lehrperson der&nbsp;<\/em><span style=\"font-family: helvetica,arial,sans-serif; font-size: 10pt;\"><strong><span style=\"color: #eb4b4b;\">Schweizer Online Sprachschule<\/span><\/strong><\/span><em> schon seit einiger Zeit wertvolle Hilfe, da sowohl Deutsch als auch Ungarisch ihre Muttersprachen sind und sie beide Kulturen und Denkweisen bestens kennt. W\u00e4hrend der inhaltsreichen und zugleich motivierenden Online-Stunden \u00fcber Skype, wurden nicht nur die Anwendung der Grammatikregeln, die Kommunikationsf\u00e4higkeit sowie die korrekte Aussprache ge\u00fcbt und perfektioniert, sondern ich konnte auch die Denkart der deutschsprachigen Menschen besser kennen lernen, was f\u00fcr einen Sprachgebrauch auf hohem Niveau unerl\u00e4sslich ist. Ich kann die&nbsp;<\/em><span style=\"font-family: helvetica,arial,sans-serif; font-size: 10pt;\"><strong><span style=\"color: #eb4b4b;\">Schweizer Online Sprachschule<\/span><\/strong><\/span><em> also allen bestens weiterempfehlen, die mit Hilfe von intensivem Sprachunterricht, aber zugleich in angenehmer Atmosph\u00e4re, die deutsche Sprache erlernen und sich die dazugeh\u00f6rige Kultur aneignen wollen. \u00bb<\/em><\/p>\n<p style=\"text-align: right;\"><em>Bal\u00e1zs Horv\u00e1th, dipl. \u00dcbersetzer\/Dolmetscher, Gy\u0151r (Ungarn)<\/em><\/p>\n<p><em>\u00ab Je recommande chaleureusement l&#8217;\u00e9cole de langues <\/em><strong><span style=\"font-family: helvetica,arial,sans-serif; font-size: 10pt;\"><span style=\"color: #eb4b4b;\">Schweizer Online Sprachschule<\/span><\/span><\/strong><em> pour tout travail de traduction\/interpr\u00e8te&nbsp;! J\u2019ai eu l\u2019occasion de collaborer avec son interpr\u00e8te lors de deux \u00e9v\u00e8nements publics co-organis\u00e9s par Wallonie Bruxelles International (WBI)&nbsp;: le festival de films francophones belges en Hongrie et la rencontre avec l\u2019\u00e9crivain belge Gr\u00e9goire Polet. Il s\u2019agissait de traductions simultan\u00e9es d\u2019invit\u00e9s francophones pour un public hongrois. Professionnelle et tr\u00e8s disponible, c\u2019est toujours un plaisir de travailler avec elle. \u00bb<\/em><\/p>\n<div style=\"text-align: left;\">\n<p style=\"text-align: right;\"><em>M. Cleyman,<br \/>\nWallonie Bruxelles International (WBI, Belgique)<\/em><\/p>\n<\/div>\n<p><em>\u00ab Mit dem Ziel, mit meinen Schweizer Freunden und Bekannten besser auf Deutsch kommunizieren zu k\u00f6nnen, habe ich mich ca. vor einem Jahr an die&nbsp;<\/em><span style=\"font-family: helvetica,arial,sans-serif; font-size: 10pt;\"><strong><span style=\"color: #eb4b4b;\">Schweizer Online Sprachschule<\/span><\/strong><\/span><em> gewendet. Sowohl meine Gesch\u00e4ftsreisen durch Deutschland, \u00d6sterreich und die Schweiz als auch die Kontaktpflege zu unseren deutschsprachigen Kunden (unsere Firma besch\u00e4ftigt sich mit Fahrzeugsicherungen) erforderten das pr\u00e4zise Erlernen nicht nur der deutschen Sprache, sondern auch des Deutschschweizer Dialekts. Durch fr\u00fchere Englisch- und Spanisch-Stunden verf\u00fcge ich bereits \u00fcber eine gewisse Erfahrung mit anderen Sprachlehrern und ich kann offen behaupten, dass ich durch die&nbsp;<\/em><strong><span style=\"font-family: helvetica,arial,sans-serif; font-size: 10pt;\"><span style=\"color: #eb4b4b;\">Schweizer Online Sprachschule<\/span><\/span> <\/strong><em>in jeder Hinsicht genau die Lehrperson gefunden habe, die ich gesucht hatte. Die breiten Sprachkenntnisse der Lehrperson sind einmalig. Ehrlich gesagt stand mir die deutsche Sprache nie besonders nahe, doch ich lerne jetzt sehr gerne Deutsch und das verdanke ich der Qualit\u00e4t des Unterrichts. Die Lehrperson ist \u00e4usserst hilfsbereit und flexibel, aber auch sehr konsequent. Die Stunden haben eine angenehme Atmosph\u00e4re und man merkt kaum, wie die Zeit vergeht. Die Lehrerin legt grosses Gewicht auf den m\u00fcndlichen Sprachgebrauch (was meines Erachtens am wichtigsten ist), aber auch schriftliche Aufgaben kommen zum Zug. Ihre mehrj\u00e4hrige Unterrichtserfahrung tr\u00e4gt dazu bei, dass sie auch schwierigere grammatikalische Probleme mit Hilfe von Beispielen verst\u00e4ndlich machen und so das Lernen erleichtern kann. Ich kann die&nbsp;<\/em><strong><span style=\"font-family: helvetica,arial,sans-serif; font-size: 10pt;\"><span style=\"color: #eb4b4b;\">Schweizer Online Sprachschule<\/span><\/span> <\/strong><em>allen w\u00e4rmstens weiterempfehlen, die eine Lehrkraft in Deutsch, Franz\u00f6sisch, Englisch oder Italienisch suchen. \u00bb<\/em><\/p>\n<p style=\"text-align: right;\"><em>Norbert Darai, Unternehmer, Budapest (Ungarn)<\/em><\/p>\n<p><em>\u00ab Etudiante, dipl\u00f4m\u00e9e d\u2019une licence (3\u00e8me ann\u00e9e d\u2019\u00e9tude) en Gestion de projets et d\u00e9veloppement urbains, je vis cette ann\u00e9e en Hongrie dans le cadre d\u2019un Service Volontaire Europ\u00e9en. C\u2019est durant mon volontariat en Hongrie que j\u2019ai eu l\u2019occasion de prendre des cours avec le professeur de la <\/em><strong><span style=\"font-family: helvetica,arial,sans-serif; font-size: 10pt;\"><span style=\"color: #eb4b4b;\">Schweizer Online Sprachschule<\/span><\/span><\/strong><em>. Ce fut pour moi une premi\u00e8re exp\u00e9rience de cours particuliers tr\u00e8s satisfaisante. J\u2019ai \u00e9tudi\u00e9 durant trois mois (deux fois par semaine) les bases de la langue hongroise. Le professeur a constamment adapt\u00e9 sa m\u00e9thode \u00e0 mes besoins, j\u2019ai re\u00e7u durant mes cours aussi bien de la th\u00e9orie, que des exercices pratiques. Mais aussi une m\u00e9thodologie d\u2019apprentissage indispensable pour apprendre dans des d\u00e9lais r\u00e9duits une langue \u00e9trang\u00e8re. L\u2019ann\u00e9e prochaine ja vais continuer mes \u00e9tudes en master avec une sp\u00e9cialisation \u201e\u00e9tudes europ\u00e9ennes\u201d et des cours en anglais (Lille, France). Ainsi, je remercie mon professeur \u00e9galement des cours de conversation anglaise et de son soutien pendant mes pr\u00e9parations \u00e1 cet examen d\u2019acc\u00e8s auquel j\u2019ai r\u00e9ussi avec succ\u00e8s. \u00bb<\/em><\/p>\n<p style=\"text-align: right;\"><em>Luisa BOUZOUBAA<br \/>\n21 ans, Etudiante<br \/>\nTOULOUSE (France)<\/em><\/p>\n<p><em>\u00ab Die Lehrperson hat uns stets geduldig sowohl die Grammatik wie auch das Sprechen beigebracht. Dabei ist sie jederzeit freundlich auf alle unsere Fragen eingegangen. Besonders gut hat uns gefallen, dass sie in der Lage ist auf verschiedene Lerntypen einzugehen. Durch ihre profunden Sprachkenntnisse in verschiedenen Sprachen konnte sie schwierige Sachverhalte in der ungarischen Sprache mit Beispielen aus anderen Sprachen zur Verdeutlichung untermauern. Untermalt hat sie ihren Unterricht mit interessanten Erkl\u00e4rungen zur ungarischen Mentalit\u00e4t und Kultur. Wir w\u00fcrden jederzeit wieder an einem Sprachkurs teilnehmen und bedanken uns recht herzlich bei ihr.\u00bb<br \/>\n<\/em><\/p>\n<p style=\"text-align: right;\"><em>S. Tomic, Wirtschaftsdirektorin<\/em><br \/>\n<em>O. Schliesser, Gesch\u00e4ftsf\u00fchrer<\/em><br \/>\n<em>AKE Hung\u00e1ria Kft., Szombathely (Deutschland\/Ungarn)<br \/>\n<\/em><\/p>\n<p><em>\u00ab Nachdem ich mehrere Jahre im Ausland verbracht habe, ist es mir schwer gefallen, deutsche Texte fehlerfrei zu verfassen. Durch den flexiblen, auf meine individuellen Bed\u00fcrfnisse zugeschnittenen Unterricht der <\/em><strong><span style=\"font-family: helvetica,arial,sans-serif; font-size: 10pt;\"><span style=\"color: #eb4b4b;\">Schweizer Online Sprachschule<\/span><\/span><\/strong><em> hat sich meine Ausdrucksweise verbessert. &nbsp;Die Lektionen werden \u00fcber Skype gehalten, somit kann man bequem von zu Hause aus arbeiten. &nbsp;Das Tempo des Unterrichts ist auf mich abgestimmt und somit ideal mit dem Berufsleben vereinbar.\u00bb<\/em><\/p>\n<p style=\"text-align: right;\"><em>Y.G., Biologin, Bern (Schweiz)<\/em><\/p>\n","protected":false},"excerpt":{"rendered":"<p>\u00ab Die Nachhilfestunden bei der Lehrperson der Schweizer Online Sprachschule brachten mir bemerkenswerte Fortschritte in Franz\u00f6sisch. Mein Ziel war es, vor allem meine m\u00fcndlichen Franz\u00f6sischkenntnisse zu verbessern. Daher hat die Lehrerin jeweils einen franz\u00f6sischen Text oder ein Video zu einem gesellschaftlichen Thema ausgew\u00e4hlt, welches dann als Vorlage gebraucht&nbsp; wurde um uns dar\u00fcber zu unterhalten. Diese Methode erwies sich bei mir als sehr hilfreich. Ein weiterer Vorteil war f\u00fcr mich, dass wir die Nachhilfestunden \u00fcber Skype durchf\u00fchren konnten. Dies funktionierte eigentlich immer reibungslos und gew\u00e4hrte uns beiden eine grosse Flexibilit\u00e4t.\u00bb S.S., 17 Jahre, Gymnasiast, K\u00f6niz b. Bern (Schweiz) \u00ab Da Deutsch nicht die Sprache ist, die wir zu Hause sprechen, hat [&hellip;]<\/p>\n","protected":false},"author":1,"featured_media":0,"parent":0,"menu_order":0,"comment_status":"closed","ping_status":"closed","template":"","meta":{"_exactmetrics_skip_tracking":false,"_exactmetrics_sitenote_active":false,"_exactmetrics_sitenote_note":"","_exactmetrics_sitenote_category":0,"ngg_post_thumbnail":0,"footnotes":""},"class_list":["post-89","page","type-page","status-publish","hentry"],"aioseo_notices":[],"_links":{"self":[{"href":"https:\/\/schweizersprachschule.ch\/index.php?rest_route=\/wp\/v2\/pages\/89","targetHints":{"allow":["GET"]}}],"collection":[{"href":"https:\/\/schweizersprachschule.ch\/index.php?rest_route=\/wp\/v2\/pages"}],"about":[{"href":"https:\/\/schweizersprachschule.ch\/index.php?rest_route=\/wp\/v2\/types\/page"}],"author":[{"embeddable":true,"href":"https:\/\/schweizersprachschule.ch\/index.php?rest_route=\/wp\/v2\/users\/1"}],"replies":[{"embeddable":true,"href":"https:\/\/schweizersprachschule.ch\/index.php?rest_route=%2Fwp%2Fv2%2Fcomments&post=89"}],"version-history":[{"count":38,"href":"https:\/\/schweizersprachschule.ch\/index.php?rest_route=\/wp\/v2\/pages\/89\/revisions"}],"predecessor-version":[{"id":345,"href":"https:\/\/schweizersprachschule.ch\/index.php?rest_route=\/wp\/v2\/pages\/89\/revisions\/345"}],"wp:attachment":[{"href":"https:\/\/schweizersprachschule.ch\/index.php?rest_route=%2Fwp%2Fv2%2Fmedia&parent=89"}],"curies":[{"name":"wp","href":"https:\/\/api.w.org\/{rel}","templated":true}]}}