{"id":82,"date":"2016-01-14T23:35:08","date_gmt":"2016-01-14T21:35:08","guid":{"rendered":"http:\/\/schweizersprachschule.ch\/?page_id=82"},"modified":"2016-06-21T14:43:50","modified_gmt":"2016-06-21T12:43:50","slug":"nachhilfe","status":"publish","type":"page","link":"https:\/\/schweizersprachschule.ch\/?page_id=82","title":{"rendered":"Nachhilfe"},"content":{"rendered":"<p>Hat Ihr Kind <span style=\"text-decoration: underline;\"><strong>in der Schule M\u00fche<\/strong><\/span> in einem Sprachfach und bedarf zus\u00e4tzlicher F\u00f6rderung und Hilfe? Oder ist es vielleicht <span style=\"text-decoration: underline;\"><strong>von einem Sprachaufenthalt zur\u00fcckgekehrt<\/strong><\/span> und Sie m\u00f6chten, dass es die gelernte Sprache weiter vertieft \u00fcbt, damit das Gelernte nicht verloren geht?<\/p>\n<p>Dank unserer langj\u00e4hrigen Schulerfahrung mit Kindern und Jugendlichen k\u00f6nnen wir innert k\u00fcrzester Zeit n\u00fctzliche <span style=\"text-decoration: underline;\"><strong>Tipps und Tricks<\/strong><\/span> vermitteln, wie man effizienter lernen, <span style=\"text-decoration: underline;\"><strong>gezielt sich auf Pr\u00fcfungen vorbereiten<\/strong><\/span> und bereits mittelfristig bessere Schulerfolge erreichen kann. Schlechte Noten l\u00f6sen Demotivation aus, was sich wiederum negativ auf die Erfolge auswirkt. Ein Teufelskreis entsteht. Wir helfen Ihnen, den Grund der Misserfolge herauszufinden, negative Mechanismen zu stoppen, eventuelle Wissensl\u00fccken zu f\u00fcllen und die Lust am Lernen wieder aufzubauen!<\/p>\n<p>Doch auch Zusatzwissen muss gepflegt werden: Mit Hilfe spannender m\u00fcndlicher Trainings oder gar Schreibaufgaben f\u00f6rdern wir indiviuelle Sprachkenntnisse von Sch\u00fclern, die, sei es durch einen Sprachaufenthalt oder gar dank <span style=\"text-decoration: underline;\"><strong>Mehrsprachigkeit in der Familie,<\/strong><\/span> \u00fcber zus\u00e4tzliche Sprachkenntnisse verf\u00fcgen. Je j\u00fcnger der Mensch ist, desto schneller lernt er. Dies gilt insbesondere bei Sprachen. Scheuen Sie sich nicht, von unserem Kursangebot Gebrauch zu machen!<\/p>\n","protected":false},"excerpt":{"rendered":"<p>Hat Ihr Kind in der Schule M\u00fche in einem Sprachfach und bedarf zus\u00e4tzlicher F\u00f6rderung und Hilfe? Oder ist es vielleicht von einem Sprachaufenthalt zur\u00fcckgekehrt und Sie m\u00f6chten, dass es die gelernte Sprache weiter vertieft \u00fcbt, damit das Gelernte nicht verloren geht? Dank unserer langj\u00e4hrigen Schulerfahrung mit Kindern und Jugendlichen k\u00f6nnen wir innert k\u00fcrzester Zeit n\u00fctzliche Tipps und Tricks vermitteln, wie man effizienter lernen, gezielt sich auf Pr\u00fcfungen vorbereiten und bereits mittelfristig bessere Schulerfolge erreichen kann. Schlechte Noten l\u00f6sen Demotivation aus, was sich wiederum negativ auf die Erfolge auswirkt. Ein Teufelskreis entsteht. Wir helfen Ihnen, den Grund der Misserfolge herauszufinden, negative Mechanismen zu stoppen, eventuelle Wissensl\u00fccken zu f\u00fcllen und die Lust [&hellip;]<\/p>\n","protected":false},"author":1,"featured_media":0,"parent":0,"menu_order":0,"comment_status":"closed","ping_status":"closed","template":"","meta":{"_exactmetrics_skip_tracking":false,"_exactmetrics_sitenote_active":false,"_exactmetrics_sitenote_note":"","_exactmetrics_sitenote_category":0,"ngg_post_thumbnail":0,"footnotes":""},"class_list":["post-82","page","type-page","status-publish","hentry"],"aioseo_notices":[],"_links":{"self":[{"href":"https:\/\/schweizersprachschule.ch\/index.php?rest_route=\/wp\/v2\/pages\/82","targetHints":{"allow":["GET"]}}],"collection":[{"href":"https:\/\/schweizersprachschule.ch\/index.php?rest_route=\/wp\/v2\/pages"}],"about":[{"href":"https:\/\/schweizersprachschule.ch\/index.php?rest_route=\/wp\/v2\/types\/page"}],"author":[{"embeddable":true,"href":"https:\/\/schweizersprachschule.ch\/index.php?rest_route=\/wp\/v2\/users\/1"}],"replies":[{"embeddable":true,"href":"https:\/\/schweizersprachschule.ch\/index.php?rest_route=%2Fwp%2Fv2%2Fcomments&post=82"}],"version-history":[{"count":6,"href":"https:\/\/schweizersprachschule.ch\/index.php?rest_route=\/wp\/v2\/pages\/82\/revisions"}],"predecessor-version":[{"id":282,"href":"https:\/\/schweizersprachschule.ch\/index.php?rest_route=\/wp\/v2\/pages\/82\/revisions\/282"}],"wp:attachment":[{"href":"https:\/\/schweizersprachschule.ch\/index.php?rest_route=%2Fwp%2Fv2%2Fmedia&parent=82"}],"curies":[{"name":"wp","href":"https:\/\/api.w.org\/{rel}","templated":true}]}}