{"id":61,"date":"2016-01-13T15:46:44","date_gmt":"2016-01-13T13:46:44","guid":{"rendered":"http:\/\/schweizersprachschule.ch\/?page_id=61"},"modified":"2016-06-20T11:41:43","modified_gmt":"2016-06-20T09:41:43","slug":"test-3","status":"publish","type":"page","link":"https:\/\/schweizersprachschule.ch\/?page_id=61","title":{"rendered":"Welche Sprachen?"},"content":{"rendered":"<p>Folgende <strong><span style=\"text-decoration: underline;\">Fremds<\/span><\/strong><strong><span style=\"text-decoration: underline;\">prachen<\/span><\/strong> k\u00f6nnen Sie bei uns lernen:<\/p>\n<p style=\"padding-left: 60px;\"><strong>Franz\u00f6sisch<\/strong><br \/>\n<strong> Deutsch<\/strong><br \/>\n<strong> Englisch<\/strong><br \/>\n<strong> Italienisch<\/strong><br \/>\n<strong> Ungarisch<\/strong><br \/>\n<strong> Schwyzerd\u00fctsch<\/strong><\/p>\n<p>Deutsch und Ungarisch werden zudem <span style=\"text-decoration: underline;\"><strong>auch als Muttersprache<\/strong><\/span> angeboten:<\/p>\n<p style=\"padding-left: 60px;\">Erweiterung des Wortschatzes<br \/>\nVerbesserung des Stils<br \/>\nBeratung zum Halten von Referaten<br \/>\nSchreiben von Aufs\u00e4tzen, Essays<br \/>\nusw.<\/p>\n<p>Was macht <strong><span style=\"text-decoration: underline;\">guten Sprachunterricht<\/span> <\/strong>aus?<\/p>\n<ul>\n<li>breites Fachwissen und vielseitige Erfahrung der Lehrperson<\/li>\n<li>einfache, gut verst\u00e4ndliche Erkl\u00e4rungen (z.B. Grammatik)<\/li>\n<li>regelm\u00e4ssiges schriftliches UND m\u00fcndliches \u00dcben<\/li>\n<li>klarer, logischer Aufbau der Stunden (Struktur)<\/li>\n<li>guter pers\u00f6nlicher Kontakt (gegenseitiges Vertrauen)<\/li>\n<li>Praxisbezogenheit: Sie lernen bei uns das, was Sie brauchen!<\/li>\n<li>Flexibilit\u00e4t, Geduld, Ausdauer (von beiden Seiten)<\/li>\n<li>am Ende des Kurses kann ich das, was ich wollte (Ziele erreicht)<\/li>\n<li>der Lehrer stellt das n\u00f6tige Material zur Verf\u00fcgung<\/li>\n<li>nicht zuletzt: Zuverl\u00e4ssigkeit, P\u00fcnktlichkeit (besonders wichtig im Online-Unterricht!)<\/li>\n<\/ul>\n<p><strong>ALL DIES GARANTIEREN WIR IHNEN. UNSERE REFERENZEN BESTAETIGEN ES.<\/strong><\/p>\n<p>&nbsp;<\/p>\n<p>&nbsp;<\/p>\n","protected":false},"excerpt":{"rendered":"<p>Folgende Fremdsprachen k\u00f6nnen Sie bei uns lernen: Franz\u00f6sisch Deutsch Englisch Italienisch Ungarisch Schwyzerd\u00fctsch Deutsch und Ungarisch werden zudem auch als Muttersprache angeboten: Erweiterung des Wortschatzes Verbesserung des Stils Beratung zum Halten von Referaten Schreiben von Aufs\u00e4tzen, Essays usw. Was macht guten Sprachunterricht aus? breites Fachwissen und vielseitige Erfahrung der Lehrperson einfache, gut verst\u00e4ndliche Erkl\u00e4rungen (z.B. Grammatik) regelm\u00e4ssiges schriftliches UND m\u00fcndliches \u00dcben klarer, logischer Aufbau der Stunden (Struktur) guter pers\u00f6nlicher Kontakt (gegenseitiges Vertrauen) Praxisbezogenheit: Sie lernen bei uns das, was Sie brauchen! Flexibilit\u00e4t, Geduld, Ausdauer (von beiden Seiten) am Ende des Kurses kann ich das, was ich wollte (Ziele erreicht) der Lehrer stellt das n\u00f6tige Material zur Verf\u00fcgung nicht zuletzt: Zuverl\u00e4ssigkeit, [&hellip;]<\/p>\n","protected":false},"author":1,"featured_media":0,"parent":0,"menu_order":0,"comment_status":"closed","ping_status":"closed","template":"","meta":{"_exactmetrics_skip_tracking":false,"_exactmetrics_sitenote_active":false,"_exactmetrics_sitenote_note":"","_exactmetrics_sitenote_category":0,"ngg_post_thumbnail":0,"footnotes":""},"class_list":["post-61","page","type-page","status-publish","hentry"],"aioseo_notices":[],"_links":{"self":[{"href":"https:\/\/schweizersprachschule.ch\/index.php?rest_route=\/wp\/v2\/pages\/61","targetHints":{"allow":["GET"]}}],"collection":[{"href":"https:\/\/schweizersprachschule.ch\/index.php?rest_route=\/wp\/v2\/pages"}],"about":[{"href":"https:\/\/schweizersprachschule.ch\/index.php?rest_route=\/wp\/v2\/types\/page"}],"author":[{"embeddable":true,"href":"https:\/\/schweizersprachschule.ch\/index.php?rest_route=\/wp\/v2\/users\/1"}],"replies":[{"embeddable":true,"href":"https:\/\/schweizersprachschule.ch\/index.php?rest_route=%2Fwp%2Fv2%2Fcomments&post=61"}],"version-history":[{"count":21,"href":"https:\/\/schweizersprachschule.ch\/index.php?rest_route=\/wp\/v2\/pages\/61\/revisions"}],"predecessor-version":[{"id":276,"href":"https:\/\/schweizersprachschule.ch\/index.php?rest_route=\/wp\/v2\/pages\/61\/revisions\/276"}],"wp:attachment":[{"href":"https:\/\/schweizersprachschule.ch\/index.php?rest_route=%2Fwp%2Fv2%2Fmedia&parent=61"}],"curies":[{"name":"wp","href":"https:\/\/api.w.org\/{rel}","templated":true}]}}