{"id":54,"date":"2016-01-13T12:15:49","date_gmt":"2016-01-13T10:15:49","guid":{"rendered":"http:\/\/schweizersprachschule.ch\/?page_id=54"},"modified":"2016-06-20T11:53:55","modified_gmt":"2016-06-20T09:53:55","slug":"neu","status":"publish","type":"page","link":"https:\/\/schweizersprachschule.ch\/?page_id=54","title":{"rendered":"Wir stellen uns vor"},"content":{"rendered":"<p style=\"padding-left: 60px;\"><em>&#8222;Every new language is like an open window that shows a new view of the world<br \/>\nand expands your attitude towards life.&#8220; (F. Harris)<\/em><em><br \/>\n<\/em><\/p>\n<p>Die<span style=\"font-family: helvetica,arial,sans-serif; font-size: 10pt;\"><strong> <span style=\"color: #eb4b4b;\"><strong>Schweizer Online Sprachschule<\/strong><\/span> <\/strong><\/span>versteht sich als Zentrum, als Treffpunkt, als Ort, von dem aus man in verschiedene Richtungen fortschreiten kann. Jede Sprache ist wie ein Fenster, ein Tor, das den Zugang zu einer Welt, in die man eindringen m\u00f6chte, erm\u00f6glicht. Unsere Aufgabe ist es, Ihnen dieses Tor zu \u00f6ffnen und Sie in diese Welt hineinzuf\u00fchren.<\/p>\n<p><strong><span style=\"text-decoration: underline;\">Unsere Qualifikationen:<\/span><\/strong><\/p>\n<ul>\n<li>Universit\u00e4tsabschluss in Deutsch und Franz\u00f6sisch (Literatur und Sprache), Universit\u00e4t Bern<\/li>\n<li>Diplom H\u00f6heres Lehramt (Gymnasiallehrerpatent), P\u00e4dagogische Hochschule Bern<\/li>\n<li>Auslandsemester Albert-Ludwigs-Universit\u00e4t, Freiburg i. Br. (Deutschland)<\/li>\n<li>einj\u00e4hrige Assistenzsstelle, Moulins (Auvergne, Frankeich)<\/li>\n<\/ul>\n<p><strong><span style=\"text-decoration: underline;\">Unsere Erfahrungen im Unterrichten:<\/span><\/strong><\/p>\n<p>langj\u00e4hrige Unterrichtst\u00e4tigkeit an verschiedenen Schweizer Gymnasien<br \/>\nUnterrichtst\u00e4tigkeit an Grund- und Mittelschulen in Frankreich (Sch\u00fcler von 10 bis 19 Jahren)<br \/>\nErfahrung in der Erwachsenenbildung (Praktikantenbetreuung f\u00fcr die PH Bern)<br \/>\nUnterrichtst\u00e4tigkeit an Schulen in Ungarn<br \/>\nBetreuung von Sch\u00fclern mit Lernschwierigkeiten<br \/>\nseit mehreren Jahren: Privatunterricht und dessen Management (Einzel- und Gruppenunterricht, Kurse f\u00fcr Firmen)<\/p>\n<p><span style=\"text-decoration: underline;\"><strong>Unsere Erfahrungen im \u00dcbersetzen, Lektorieren, Dolmetschen<\/strong><\/span><\/p>\n<p>Lektorierungen von Lizenziatsarbeiten, Diplomarbeiten, Publikationen<br \/>\ndiverse \u00dcbersetzungen von Lebensl\u00e4ufen, Bewerbungsschreiben, Zeitungsartikeln, wissenschaftlichen Studien und literarischen Texten<br \/>\nDolmetschert\u00e4tigkeit im Schweizer Bundeshaus (Parlamentarische Delegationen)<br \/>\nDolmetschert\u00e4tigkeit f\u00fcr Firmen<br \/>\nDolmetschen bei Kulturanl\u00e4ssen (Filmtage, Autorenlesungen, Bibilotheksveranstaltungen, Preisverleihungen etc.)<\/p>\n<p>&nbsp;<\/p>\n","protected":false},"excerpt":{"rendered":"<p>&#8222;Every new language is like an open window that shows a new view of the world and expands your attitude towards life.&#8220; (F. Harris) Die Schweizer Online Sprachschule versteht sich als Zentrum, als Treffpunkt, als Ort, von dem aus man in verschiedene Richtungen fortschreiten kann. Jede Sprache ist wie ein Fenster, ein Tor, das den Zugang zu einer Welt, in die man eindringen m\u00f6chte, erm\u00f6glicht. Unsere Aufgabe ist es, Ihnen dieses Tor zu \u00f6ffnen und Sie in diese Welt hineinzuf\u00fchren. Unsere Qualifikationen: Universit\u00e4tsabschluss in Deutsch und Franz\u00f6sisch (Literatur und Sprache), Universit\u00e4t Bern Diplom H\u00f6heres Lehramt (Gymnasiallehrerpatent), P\u00e4dagogische Hochschule Bern Auslandsemester Albert-Ludwigs-Universit\u00e4t, Freiburg i. Br. (Deutschland) einj\u00e4hrige Assistenzsstelle, Moulins (Auvergne, Frankeich) [&hellip;]<\/p>\n","protected":false},"author":1,"featured_media":0,"parent":0,"menu_order":0,"comment_status":"closed","ping_status":"closed","template":"","meta":{"_exactmetrics_skip_tracking":false,"_exactmetrics_sitenote_active":false,"_exactmetrics_sitenote_note":"","_exactmetrics_sitenote_category":0,"ngg_post_thumbnail":0,"footnotes":""},"class_list":["post-54","page","type-page","status-publish","hentry"],"aioseo_notices":[],"_links":{"self":[{"href":"https:\/\/schweizersprachschule.ch\/index.php?rest_route=\/wp\/v2\/pages\/54","targetHints":{"allow":["GET"]}}],"collection":[{"href":"https:\/\/schweizersprachschule.ch\/index.php?rest_route=\/wp\/v2\/pages"}],"about":[{"href":"https:\/\/schweizersprachschule.ch\/index.php?rest_route=\/wp\/v2\/types\/page"}],"author":[{"embeddable":true,"href":"https:\/\/schweizersprachschule.ch\/index.php?rest_route=\/wp\/v2\/users\/1"}],"replies":[{"embeddable":true,"href":"https:\/\/schweizersprachschule.ch\/index.php?rest_route=%2Fwp%2Fv2%2Fcomments&post=54"}],"version-history":[{"count":31,"href":"https:\/\/schweizersprachschule.ch\/index.php?rest_route=\/wp\/v2\/pages\/54\/revisions"}],"predecessor-version":[{"id":191,"href":"https:\/\/schweizersprachschule.ch\/index.php?rest_route=\/wp\/v2\/pages\/54\/revisions\/191"}],"wp:attachment":[{"href":"https:\/\/schweizersprachschule.ch\/index.php?rest_route=%2Fwp%2Fv2%2Fmedia&parent=54"}],"curies":[{"name":"wp","href":"https:\/\/api.w.org\/{rel}","templated":true}]}}