{"id":25,"date":"2015-08-24T18:58:00","date_gmt":"2015-08-24T16:58:00","guid":{"rendered":"http:\/\/schweizersprachschule.ch\/?page_id=25"},"modified":"2017-01-14T09:15:13","modified_gmt":"2017-01-14T07:15:13","slug":"test-2","status":"publish","type":"page","link":"https:\/\/schweizersprachschule.ch\/?page_id=25","title":{"rendered":"\u00dcbersetzungen"},"content":{"rendered":"<p>Brauchen Sie eine <span style=\"text-decoration: underline;\"><strong>schnelle und professionelle \u00dcbersetzung<\/strong><\/span>? Sie brauchen uns nur den Text <span style=\"text-decoration: underline;\"><strong>per E-Mail<\/strong><\/span> zuzusenden (siehe &#8222;Kontakt&#8220;) und umgehend erhalten Sie die entsprechende \u00dcbersetzung per Internet zur\u00fcck. Gerne gehen wir auf spezielle W\u00fcnsche ein, was Sie uns sowohl m\u00fcndlich als auch schriftlich im Voraus kommunizieren k\u00f6nnen.<\/p>\n<p><span style=\"text-decoration: underline;\"><strong>Einige Beispiele<\/strong><\/span>:<\/p>\n<ul>\n<li>Lebensl\u00e4ufe, Vertr\u00e4ge, Stellenbewerbungen, Texte f\u00fcr Ihre Homepage, Briefe aller Art etc.<\/li>\n<li>wissenschaflticher Studien, Publikationen, Bachelor- und Masterarbeiten, Dissertationen, Pr\u00e4sentationen etc.<\/li>\n<li>Essays, literarische Texte etc.<\/li>\n<\/ul>\n<p><span style=\"text-decoration: underline;\"><strong>Sprachen<\/strong><\/span>: Deutsch \u2013 Franz\u00f6sisch \u2013 Englisch \u2013 Ungarisch \u2013 Italienisch &#8211; Schwyzerd\u00fctsch<\/p>\n","protected":false},"excerpt":{"rendered":"<p>Brauchen Sie eine schnelle und professionelle \u00dcbersetzung? Sie brauchen uns nur den Text per E-Mail zuzusenden (siehe &#8222;Kontakt&#8220;) und umgehend erhalten Sie die entsprechende \u00dcbersetzung per Internet zur\u00fcck. Gerne gehen wir auf spezielle W\u00fcnsche ein, was Sie uns sowohl m\u00fcndlich als auch schriftlich im Voraus kommunizieren k\u00f6nnen. Einige Beispiele: Lebensl\u00e4ufe, Vertr\u00e4ge, Stellenbewerbungen, Texte f\u00fcr Ihre Homepage, Briefe aller Art etc. wissenschaflticher Studien, Publikationen, Bachelor- und Masterarbeiten, Dissertationen, Pr\u00e4sentationen etc. Essays, literarische Texte etc. Sprachen: Deutsch \u2013 Franz\u00f6sisch \u2013 Englisch \u2013 Ungarisch \u2013 Italienisch &#8211; Schwyzerd\u00fctsch<\/p>\n","protected":false},"author":1,"featured_media":0,"parent":0,"menu_order":0,"comment_status":"closed","ping_status":"closed","template":"","meta":{"_exactmetrics_skip_tracking":false,"_exactmetrics_sitenote_active":false,"_exactmetrics_sitenote_note":"","_exactmetrics_sitenote_category":0,"ngg_post_thumbnail":0,"footnotes":""},"class_list":["post-25","page","type-page","status-publish","hentry"],"aioseo_notices":[],"_links":{"self":[{"href":"https:\/\/schweizersprachschule.ch\/index.php?rest_route=\/wp\/v2\/pages\/25","targetHints":{"allow":["GET"]}}],"collection":[{"href":"https:\/\/schweizersprachschule.ch\/index.php?rest_route=\/wp\/v2\/pages"}],"about":[{"href":"https:\/\/schweizersprachschule.ch\/index.php?rest_route=\/wp\/v2\/types\/page"}],"author":[{"embeddable":true,"href":"https:\/\/schweizersprachschule.ch\/index.php?rest_route=\/wp\/v2\/users\/1"}],"replies":[{"embeddable":true,"href":"https:\/\/schweizersprachschule.ch\/index.php?rest_route=%2Fwp%2Fv2%2Fcomments&post=25"}],"version-history":[{"count":17,"href":"https:\/\/schweizersprachschule.ch\/index.php?rest_route=\/wp\/v2\/pages\/25\/revisions"}],"predecessor-version":[{"id":294,"href":"https:\/\/schweizersprachschule.ch\/index.php?rest_route=\/wp\/v2\/pages\/25\/revisions\/294"}],"wp:attachment":[{"href":"https:\/\/schweizersprachschule.ch\/index.php?rest_route=%2Fwp%2Fv2%2Fmedia&parent=25"}],"curies":[{"name":"wp","href":"https:\/\/api.w.org\/{rel}","templated":true}]}}