{"id":22,"date":"2015-08-24T18:56:27","date_gmt":"2015-08-24T16:56:27","guid":{"rendered":"http:\/\/schweizersprachschule.ch\/?page_id=22"},"modified":"2016-04-12T22:14:21","modified_gmt":"2016-04-12T20:14:21","slug":"home","status":"publish","type":"page","link":"https:\/\/schweizersprachschule.ch\/","title":{"rendered":"HOME"},"content":{"rendered":"<p><span style=\"font-size: 10pt;\">M\u00f6chten Sie eine <span style=\"text-decoration: underline;\"><strong>Fremdsprache<\/strong><\/span> lernen?<\/span><br \/>\n<span style=\"font-size: 10pt;\"> Suchen Sie <strong><span style=\"text-decoration: underline;\">qualitativ hochstehenden<\/span><\/strong> Sprachunterricht (<span style=\"text-decoration: underline;\"><strong>dipl. Fachlehrkraft<\/strong><\/span>)?<br \/>\nBeherrschen Sie bereits eine Sprache (Muttersprache) und m\u00f6chten sich <span style=\"text-decoration: underline;\"><strong>stilistisch verbessern<\/strong><\/span>?<\/span><br \/>\n<span style=\"font-size: 10pt;\"> Wollen Sie, dass der Unterricht auf ihre <span style=\"text-decoration: underline;\"><strong>pers\u00f6nlichen Bed\u00fcrfnisse<\/strong><\/span> zugeschnitten ist?<\/span><br \/>\n<span style=\"font-size: 10pt;\"> Suchen Sie <span style=\"text-decoration: underline;\"><strong>Nachhilfeunterricht<\/strong><\/span> (Coaching, Schulberatung) f\u00fcr ihr Kind?<\/span><br \/>\n<span style=\"font-size: 10pt;\"> W\u00fcnschen Sie einen <span style=\"text-decoration: underline;\"><strong>motivierenden<\/strong><\/span> und abwechslungsreichen Unterricht?<\/span><\/p>\n<p><strong><span style=\"font-size: 10pt;\">BEI UNS SIND SIE RICHTIG, DENN:<\/span><\/strong><\/p>\n<ul>\n<li>Eine diplomierte Lehrperson mit langj\u00e4hriger Unterrichtserfahrung<br \/>\nwird Sie unterrichten.<\/li>\n<li>Wir \u00fcben mit Ihnen die Grammatik, den schriftlichen sowie m\u00fcndlichen Ausdruck,<br \/>\nden Sprachstil, geben Tipps zum sicheren Auftreten (auch f\u00fcr Referate).<\/li>\n<li>Dank <span style=\"text-decoration: underline;\"><strong>ONLINE-UNTERRICHT<\/strong><\/span> sind wir \u00e4usserst <span style=\"text-decoration: underline;\"><strong>flexibel<\/strong><\/span>: Ihr Lernziel, Ihr Interesse, Ihr pers\u00f6nliches Tempo und Ihr Terminkalender sind f\u00fcr uns massgebend.<\/li>\n<li>Mit psychologischem Feingef\u00fchl gehen wir auf eventuelle Schwierigkeiten ein.<\/li>\n<li>Wir vermitteln nicht nur Informationen, sondern f\u00f6rdern auch die Lust am Lernen.<\/li>\n<\/ul>\n<p>&nbsp;<\/p>\n<p>&nbsp;<\/p>\n","protected":false},"excerpt":{"rendered":"<p>M\u00f6chten Sie eine Fremdsprache lernen? Suchen Sie qualitativ hochstehenden Sprachunterricht (dipl. Fachlehrkraft)? Beherrschen Sie bereits eine Sprache (Muttersprache) und m\u00f6chten sich stilistisch verbessern? Wollen Sie, dass der Unterricht auf ihre pers\u00f6nlichen Bed\u00fcrfnisse zugeschnitten ist? Suchen Sie Nachhilfeunterricht (Coaching, Schulberatung) f\u00fcr ihr Kind? W\u00fcnschen Sie einen motivierenden und abwechslungsreichen Unterricht? BEI UNS SIND SIE RICHTIG, DENN: Eine diplomierte Lehrperson mit langj\u00e4hriger Unterrichtserfahrung wird Sie unterrichten. Wir \u00fcben mit Ihnen die Grammatik, den schriftlichen sowie m\u00fcndlichen Ausdruck, den Sprachstil, geben Tipps zum sicheren Auftreten (auch f\u00fcr Referate). Dank ONLINE-UNTERRICHT sind wir \u00e4usserst flexibel: Ihr Lernziel, Ihr Interesse, Ihr pers\u00f6nliches Tempo und Ihr Terminkalender sind f\u00fcr uns massgebend. Mit psychologischem Feingef\u00fchl gehen wir [&hellip;]<\/p>\n","protected":false},"author":1,"featured_media":0,"parent":0,"menu_order":0,"comment_status":"closed","ping_status":"closed","template":"","meta":{"_exactmetrics_skip_tracking":false,"_exactmetrics_sitenote_active":false,"_exactmetrics_sitenote_note":"","_exactmetrics_sitenote_category":0,"ngg_post_thumbnail":0,"footnotes":""},"class_list":["post-22","page","type-page","status-publish","hentry"],"aioseo_notices":[],"_links":{"self":[{"href":"https:\/\/schweizersprachschule.ch\/index.php?rest_route=\/wp\/v2\/pages\/22","targetHints":{"allow":["GET"]}}],"collection":[{"href":"https:\/\/schweizersprachschule.ch\/index.php?rest_route=\/wp\/v2\/pages"}],"about":[{"href":"https:\/\/schweizersprachschule.ch\/index.php?rest_route=\/wp\/v2\/types\/page"}],"author":[{"embeddable":true,"href":"https:\/\/schweizersprachschule.ch\/index.php?rest_route=\/wp\/v2\/users\/1"}],"replies":[{"embeddable":true,"href":"https:\/\/schweizersprachschule.ch\/index.php?rest_route=%2Fwp%2Fv2%2Fcomments&post=22"}],"version-history":[{"count":20,"href":"https:\/\/schweizersprachschule.ch\/index.php?rest_route=\/wp\/v2\/pages\/22\/revisions"}],"predecessor-version":[{"id":263,"href":"https:\/\/schweizersprachschule.ch\/index.php?rest_route=\/wp\/v2\/pages\/22\/revisions\/263"}],"wp:attachment":[{"href":"https:\/\/schweizersprachschule.ch\/index.php?rest_route=%2Fwp%2Fv2%2Fmedia&parent=22"}],"curies":[{"name":"wp","href":"https:\/\/api.w.org\/{rel}","templated":true}]}}