{"id":106,"date":"2016-01-15T00:11:13","date_gmt":"2016-01-14T22:11:13","guid":{"rendered":"http:\/\/schweizersprachschule.ch\/?page_id=106"},"modified":"2022-08-16T14:36:50","modified_gmt":"2022-08-16T12:36:50","slug":"preise","status":"publish","type":"page","link":"https:\/\/schweizersprachschule.ch\/?page_id=106","title":{"rendered":"Preise"},"content":{"rendered":"<table style=\"width: 90.3333%; height: 168px;\">\n<tbody>\n<tr style=\"height: 96px;\">\n<td style=\"width: 22.8876%; height: 96px;\" width=\"141\">Gruppengr\u00f6sse:<\/td>\n<td style=\"width: 25.9108%; height: 96px;\" width=\"151\">CHF \u00e0 45 Min.\/Pers.<\/td>\n<td style=\"width: 24.6272%; height: 96px;\" width=\"151\">CHF \u00e0 60 Min.\/Pers.<\/td>\n<td style=\"width: 71.1898%; height: 96px;\" width=\"160\">CHF \u00e0 90 Min.\/Pers.<\/td>\n<\/tr>\n<tr style=\"height: 24px;\">\n<td style=\"width: 22.8876%; height: 24px;\" width=\"141\">Einzelunterricht<\/td>\n<td style=\"width: 25.9108%; height: 24px; text-align: center;\" width=\"151\">38.-<\/td>\n<td style=\"width: 24.6272%; height: 24px; text-align: center;\" width=\"151\">50.-<\/td>\n<td style=\"width: 71.1898%; height: 24px; text-align: center;\" width=\"160\">75.-<\/td>\n<\/tr>\n<tr style=\"height: 24px;\">\n<td style=\"width: 22.8876%; height: 24px;\" width=\"141\">2-er Gruppe<\/td>\n<td style=\"width: 25.9108%; height: 24px; text-align: center;\" width=\"151\">28.-<\/td>\n<td style=\"width: 24.6272%; height: 24px; text-align: center;\" width=\"151\">37.-<\/td>\n<td style=\"width: 71.1898%; height: 24px; text-align: center;\" width=\"160\">55.-<\/td>\n<\/tr>\n<tr style=\"height: 24px;\">\n<td style=\"width: 22.8876%; height: 24px;\" width=\"141\">3-er Gruppe<\/td>\n<td style=\"width: 25.9108%; height: 24px; text-align: center;\" width=\"151\">25.-<\/td>\n<td style=\"width: 24.6272%; height: 24px; text-align: center;\" width=\"151\">33.-<\/td>\n<td style=\"width: 71.1898%; height: 24px; text-align: center;\" width=\"160\">50.-<\/td>\n<\/tr>\n<\/tbody>\n<\/table>\n<p><strong><u><br \/>\nWie werden die Stunden bezahlt?<\/u><\/strong><\/p>\n<p>Die Bezahlung l\u00e4uft ganz einfach: Das Honorar der Stunden wird auf das Konto der&nbsp;<span style=\"color: #eb4b4b;\"><span style=\"font-family: helvetica,arial,sans-serif; font-size: 10pt;\"><strong>Schweizer Online Sprachschule<\/strong><\/span> <\/span>\u00fcberwiesen. Es werden stets mindestens acht Stunden (\u00e0 45 oder \u00e0 60 Minuten) im Voraus bezahlt.<\/p>\n<p>Im Fall der ersten Stunde haben Sie die M\u00f6glichkeit, nur die erste Lektion (Probelektion) zu bezahlen. Dann k\u00f6nnen Sie immer noch entscheiden, ob der Unterricht Ihnen entspricht und Sie den Kurs fortsetzen m\u00f6chten.<\/p>\n<p>&nbsp;<\/p>\n<p><strong>Empfohlene Variante:<\/strong><\/p>\n<p>In den meisten F\u00e4llen bew\u00e4hren sich folgende Varianten:<\/p>\n<p>\u25cf&nbsp;&nbsp;&nbsp;&nbsp; 1 Doppellektion* \/ Woche, immer am selben Wochentag, Einzelunterricht<br \/>\n\u25cf&nbsp;&nbsp;&nbsp;&nbsp; 1 Doppellektion* \/ Woche, immer am selben Wochentag, 2-er Gruppe<\/p>\n<p>* &nbsp;&nbsp;&nbsp; 1 Doppellektion = 2 Lektionen \u00e0 45 Minuten gleich nacheinander, d.h. 90 Minuten<\/p>\n<p>&nbsp;<\/p>\n<p>&nbsp;<\/p>\n<p>&nbsp;<\/p>\n","protected":false},"excerpt":{"rendered":"<p>Gruppengr\u00f6sse: CHF \u00e0 45 Min.\/Pers. CHF \u00e0 60 Min.\/Pers. CHF \u00e0 90 Min.\/Pers. Einzelunterricht 38.- 50.- 75.- 2-er Gruppe 28.- 37.- 55.- 3-er Gruppe 25.- 33.- 50.- Wie werden die Stunden bezahlt? Die Bezahlung l\u00e4uft ganz einfach: Das Honorar der Stunden wird auf das Konto der&nbsp;Schweizer Online Sprachschule \u00fcberwiesen. Es werden stets mindestens acht Stunden (\u00e0 45 oder \u00e0 60 Minuten) im Voraus bezahlt. Im Fall der ersten Stunde haben Sie die M\u00f6glichkeit, nur die erste Lektion (Probelektion) zu bezahlen. Dann k\u00f6nnen Sie immer noch entscheiden, ob der Unterricht Ihnen entspricht und Sie den Kurs fortsetzen m\u00f6chten. &nbsp; Empfohlene Variante: In den meisten F\u00e4llen bew\u00e4hren sich folgende Varianten: \u25cf&nbsp;&nbsp;&nbsp;&nbsp; 1 [&hellip;]<\/p>\n","protected":false},"author":2,"featured_media":0,"parent":0,"menu_order":0,"comment_status":"closed","ping_status":"closed","template":"","meta":{"_exactmetrics_skip_tracking":false,"_exactmetrics_sitenote_active":false,"_exactmetrics_sitenote_note":"","_exactmetrics_sitenote_category":0,"ngg_post_thumbnail":0,"footnotes":""},"class_list":["post-106","page","type-page","status-publish","hentry"],"aioseo_notices":[],"_links":{"self":[{"href":"https:\/\/schweizersprachschule.ch\/index.php?rest_route=\/wp\/v2\/pages\/106","targetHints":{"allow":["GET"]}}],"collection":[{"href":"https:\/\/schweizersprachschule.ch\/index.php?rest_route=\/wp\/v2\/pages"}],"about":[{"href":"https:\/\/schweizersprachschule.ch\/index.php?rest_route=\/wp\/v2\/types\/page"}],"author":[{"embeddable":true,"href":"https:\/\/schweizersprachschule.ch\/index.php?rest_route=\/wp\/v2\/users\/2"}],"replies":[{"embeddable":true,"href":"https:\/\/schweizersprachschule.ch\/index.php?rest_route=%2Fwp%2Fv2%2Fcomments&post=106"}],"version-history":[{"count":19,"href":"https:\/\/schweizersprachschule.ch\/index.php?rest_route=\/wp\/v2\/pages\/106\/revisions"}],"predecessor-version":[{"id":364,"href":"https:\/\/schweizersprachschule.ch\/index.php?rest_route=\/wp\/v2\/pages\/106\/revisions\/364"}],"wp:attachment":[{"href":"https:\/\/schweizersprachschule.ch\/index.php?rest_route=%2Fwp%2Fv2%2Fmedia&parent=106"}],"curies":[{"name":"wp","href":"https:\/\/api.w.org\/{rel}","templated":true}]}}